{"id":7,"date":"2019-03-25T11:32:36","date_gmt":"2019-03-25T11:32:36","guid":{"rendered":"https:\/\/cmg.fi\/?page_id=7"},"modified":"2024-02-28T16:16:15","modified_gmt":"2024-02-28T14:16:15","slug":"etusivu","status":"publish","type":"page","link":"https:\/\/cmg.fi\/","title":{"rendered":"Etusivu"},"content":{"rendered":"\t\t<div data-elementor-type=\"wp-post\" data-elementor-id=\"7\" class=\"elementor elementor-7\" data-elementor-post-type=\"page\">\n\t\t\t\t\t\t<section class=\"elementor-section elementor-top-section elementor-element elementor-element-23702be elementor-section-height-min-height elementor-section-boxed elementor-section-height-default elementor-section-items-middle\" data-id=\"23702be\" data-element_type=\"section\" data-e-type=\"section\" data-settings=\"{&quot;background_background&quot;:&quot;classic&quot;}\">\n\t\t\t\t\t\t\t<div class=\"elementor-background-overlay\"><\/div>\n\t\t\t\t\t\t\t<div class=\"elementor-container elementor-column-gap-default\">\n\t\t\t\t\t<div class=\"elementor-column elementor-col-50 elementor-top-column elementor-element elementor-element-4304b72\" data-id=\"4304b72\" data-element_type=\"column\" data-e-type=\"column\">\n\t\t\t<div class=\"elementor-widget-wrap elementor-element-populated\">\n\t\t\t\t\t\t<div class=\"elementor-element elementor-element-4e23646 elementor-widget elementor-widget-heading\" data-id=\"4e23646\" data-element_type=\"widget\" data-e-type=\"widget\" data-widget_type=\"heading.default\">\n\t\t\t\t<div class=\"elementor-widget-container\">\n\t\t\t\t\t<h1 class=\"elementor-heading-title elementor-size-default\">RAKENNUTTAMIS-, VALVONTA-, SUUNNITTELU- JA ASIANTUNTIJAPALVELUT<\/h1>\t\t\t\t<\/div>\n\t\t\t\t<\/div>\n\t\t\t\t<div class=\"elementor-element elementor-element-1a3e584 elementor-widget elementor-widget-text-editor\" data-id=\"1a3e584\" data-element_type=\"widget\" data-e-type=\"widget\" data-widget_type=\"text-editor.default\">\n\t\t\t\t<div class=\"elementor-widget-container\">\n\t\t\t\t\t\t\t\t\t<p>Nordic CMG Oy on t\u00e4ysin suomalainen, p\u00e4\u00e4kaupunkiseudulle keskittyv\u00e4 konsulttiyritys. Meilt\u00e4 l\u00f6ytyv\u00e4t asiantuntijat haastavaankin kohteeseen. <strong>Ota yhteytt\u00e4<\/strong> Toimitusjohtaja Jyrki Jaatinen 045 662 1992 jyrki.jaatinen(at)cmg.fi<\/p><p><br><\/p><p><br><\/p>\t\t\t\t\t\t\t\t<\/div>\n\t\t\t\t<\/div>\n\t\t\t\t<section class=\"elementor-section elementor-inner-section elementor-element elementor-element-0de38b6 elementor-section-boxed elementor-section-height-default elementor-section-height-default\" data-id=\"0de38b6\" data-element_type=\"section\" data-e-type=\"section\">\n\t\t\t\t\t\t<div class=\"elementor-container elementor-column-gap-default\">\n\t\t\t\t\t<div class=\"elementor-column elementor-col-100 elementor-inner-column elementor-element elementor-element-6d1b01a\" data-id=\"6d1b01a\" data-element_type=\"column\" data-e-type=\"column\">\n\t\t\t<div class=\"elementor-widget-wrap elementor-element-populated\">\n\t\t\t\t\t\t<div class=\"elementor-element elementor-element-9055ce3 elementor-align-left elementor-widget elementor-widget-button\" data-id=\"9055ce3\" data-element_type=\"widget\" data-e-type=\"widget\" data-widget_type=\"button.default\">\n\t\t\t\t<div class=\"elementor-widget-container\">\n\t\t\t\t\t\t\t\t\t<div class=\"elementor-button-wrapper\">\n\t\t\t\t\t<a class=\"elementor-button elementor-button-link elementor-size-md\" href=\"https:\/\/cmg.fi\/palvelumme\/\">\n\t\t\t\t\t\t<span class=\"elementor-button-content-wrapper\">\n\t\t\t\t\t\t\t\t\t<span class=\"elementor-button-text\">Palvelut<\/span>\n\t\t\t\t\t<\/span>\n\t\t\t\t\t<\/a>\n\t\t\t\t<\/div>\n\t\t\t\t\t\t\t\t<\/div>\n\t\t\t\t<\/div>\n\t\t\t\t\t<\/div>\n\t\t<\/div>\n\t\t\t\t\t<\/div>\n\t\t<\/section>\n\t\t\t\t\t<\/div>\n\t\t<\/div>\n\t\t\t\t<div class=\"elementor-column elementor-col-50 elementor-top-column elementor-element elementor-element-6e86926\" data-id=\"6e86926\" data-element_type=\"column\" data-e-type=\"column\">\n\t\t\t<div class=\"elementor-widget-wrap\">\n\t\t\t\t\t\t\t<\/div>\n\t\t<\/div>\n\t\t\t\t\t<\/div>\n\t\t<\/section>\n\t\t\t\t<section class=\"elementor-section elementor-top-section elementor-element elementor-element-5d60628 elementor-section-boxed elementor-section-height-default elementor-section-height-default\" data-id=\"5d60628\" data-element_type=\"section\" data-e-type=\"section\">\n\t\t\t\t\t\t<div class=\"elementor-container elementor-column-gap-default\">\n\t\t\t\t\t<div class=\"elementor-column elementor-col-100 elementor-top-column elementor-element elementor-element-7b99cdb\" data-id=\"7b99cdb\" data-element_type=\"column\" data-e-type=\"column\">\n\t\t\t<div class=\"elementor-widget-wrap elementor-element-populated\">\n\t\t\t\t\t\t<div class=\"elementor-element elementor-element-4116042 elementor-widget elementor-widget-heading\" data-id=\"4116042\" data-element_type=\"widget\" data-e-type=\"widget\" data-widget_type=\"heading.default\">\n\t\t\t\t<div class=\"elementor-widget-container\">\n\t\t\t\t\t<h2 class=\"elementor-heading-title elementor-size-default\">Miksi valita meid\u00e4t?<\/h2>\t\t\t\t<\/div>\n\t\t\t\t<\/div>\n\t\t\t\t<div class=\"elementor-element elementor-element-2012a31 elementor-widget elementor-widget-text-editor\" data-id=\"2012a31\" data-element_type=\"widget\" data-e-type=\"widget\" data-widget_type=\"text-editor.default\">\n\t\t\t\t<div class=\"elementor-widget-container\">\n\t\t\t\t\t\t\t\t\t<p>Toimimme aina asiakkaan edun mukaisesti huomioiden <strong>energiatehokkuuden<\/strong> ja sis\u00e4ilmaolosuhteet unohtamatta <strong>kustannustehokkuutta<\/strong>.<\/p><p>Nordic CMG:n visio on olla ty\u00f6ntekij\u00e4lle yksi Suomen parhaista ty\u00f6nantajista ja t\u00e4t\u00e4 kautta tuoda paras mahdollinen osaava ja motivoitunut henkil\u00f6kunta asiakkaan saataville.<\/p>\t\t\t\t\t\t\t\t<\/div>\n\t\t\t\t<\/div>\n\t\t\t\t<section class=\"elementor-section elementor-inner-section elementor-element elementor-element-5174187 elementor-section-boxed elementor-section-height-default elementor-section-height-default\" data-id=\"5174187\" data-element_type=\"section\" data-e-type=\"section\">\n\t\t\t\t\t\t<div class=\"elementor-container elementor-column-gap-default\">\n\t\t\t\t\t<div class=\"elementor-column elementor-col-50 elementor-inner-column elementor-element elementor-element-fb217f6\" data-id=\"fb217f6\" data-element_type=\"column\" data-e-type=\"column\">\n\t\t\t<div class=\"elementor-widget-wrap elementor-element-populated\">\n\t\t\t\t\t\t<div class=\"elementor-element elementor-element-405ada6 elementor-align-right elementor-mobile-align-center elementor-widget elementor-widget-button\" data-id=\"405ada6\" data-element_type=\"widget\" data-e-type=\"widget\" data-widget_type=\"button.default\">\n\t\t\t\t<div class=\"elementor-widget-container\">\n\t\t\t\t\t\t\t\t\t<div class=\"elementor-button-wrapper\">\n\t\t\t\t\t<a class=\"elementor-button elementor-button-link elementor-size-md\" href=\"https:\/\/cmg.fi\/yritys\/\">\n\t\t\t\t\t\t<span class=\"elementor-button-content-wrapper\">\n\t\t\t\t\t\t\t\t\t<span class=\"elementor-button-text\">NCMG yrityksen\u00e4<\/span>\n\t\t\t\t\t<\/span>\n\t\t\t\t\t<\/a>\n\t\t\t\t<\/div>\n\t\t\t\t\t\t\t\t<\/div>\n\t\t\t\t<\/div>\n\t\t\t\t\t<\/div>\n\t\t<\/div>\n\t\t\t\t<div class=\"elementor-column elementor-col-50 elementor-inner-column elementor-element elementor-element-71283fe\" data-id=\"71283fe\" data-element_type=\"column\" data-e-type=\"column\">\n\t\t\t<div class=\"elementor-widget-wrap elementor-element-populated\">\n\t\t\t\t\t\t<div class=\"elementor-element elementor-element-bae8efc elementor-align-left elementor-mobile-align-center elementor-widget elementor-widget-button\" data-id=\"bae8efc\" data-element_type=\"widget\" data-e-type=\"widget\" data-widget_type=\"button.default\">\n\t\t\t\t<div class=\"elementor-widget-container\">\n\t\t\t\t\t\t\t\t\t<div class=\"elementor-button-wrapper\">\n\t\t\t\t\t<a class=\"elementor-button elementor-button-link elementor-size-md\" href=\"https:\/\/cmg.fi\/meille-toihin\/\">\n\t\t\t\t\t\t<span class=\"elementor-button-content-wrapper\">\n\t\t\t\t\t\t\t\t\t<span class=\"elementor-button-text\">Meille t\u00f6ihin<\/span>\n\t\t\t\t\t<\/span>\n\t\t\t\t\t<\/a>\n\t\t\t\t<\/div>\n\t\t\t\t\t\t\t\t<\/div>\n\t\t\t\t<\/div>\n\t\t\t\t\t<\/div>\n\t\t<\/div>\n\t\t\t\t\t<\/div>\n\t\t<\/section>\n\t\t\t\t\t<\/div>\n\t\t<\/div>\n\t\t\t\t\t<\/div>\n\t\t<\/section>\n\t\t\t\t<section class=\"elementor-section elementor-top-section elementor-element elementor-element-40f1ec1 elementor-section-boxed elementor-section-height-default elementor-section-height-default\" data-id=\"40f1ec1\" data-element_type=\"section\" data-e-type=\"section\">\n\t\t\t\t\t\t<div class=\"elementor-container elementor-column-gap-default\">\n\t\t\t\t\t<div class=\"elementor-column elementor-col-100 elementor-top-column elementor-element elementor-element-053d400\" data-id=\"053d400\" data-element_type=\"column\" data-e-type=\"column\">\n\t\t\t<div class=\"elementor-widget-wrap elementor-element-populated\">\n\t\t\t\t\t\t<div class=\"elementor-element elementor-element-102452a elementor-widget elementor-widget-heading\" data-id=\"102452a\" data-element_type=\"widget\" data-e-type=\"widget\" data-widget_type=\"heading.default\">\n\t\t\t\t<div class=\"elementor-widget-container\">\n\t\t\t\t\t<h2 class=\"elementor-heading-title elementor-size-default\">MONIPUOLISESTI\nAINA SUUNNITTELUSTA VALVONTAAN JA MITTAUKSIIN <\/h2>\t\t\t\t<\/div>\n\t\t\t\t<\/div>\n\t\t\t\t<div class=\"elementor-element elementor-element-e36c5ba elementor-widget elementor-widget-text-editor\" data-id=\"e36c5ba\" data-element_type=\"widget\" data-e-type=\"widget\" data-widget_type=\"text-editor.default\">\n\t\t\t\t<div class=\"elementor-widget-container\">\n\t\t\t\t\t\t\t\t\t<p>Keskitymme rakennuttamiseen, LVIS-suunnitteluun ja valvontaan, sek\u00e4 radonmittauksiin ja sis\u00e4ilmaan liittyviin haasteisiin. Toimimme my\u00f6s edell\u00e4 mainituissa teht\u00e4viss\u00e4 asiantuntijoina. Rakennushankkeissa toimimme mm. tarveselvityksiss\u00e4 ja takuuajan seurannassa. Erilaisista rakennus- ja LVIS-teknisten hankkeiden valvonnasta meill\u00e4 on kattavaa kokemusta. My\u00f6s suunnittelupalveluiden osalta toteutamme pitk\u00e4lle tulevaisuuteen kantavia ratkaisuja.<\/p>\t\t\t\t\t\t\t\t<\/div>\n\t\t\t\t<\/div>\n\t\t\t\t<section class=\"elementor-section elementor-inner-section elementor-element elementor-element-11aefd7 elementor-section-boxed elementor-section-height-default elementor-section-height-default\" data-id=\"11aefd7\" data-element_type=\"section\" data-e-type=\"section\">\n\t\t\t\t\t\t<div class=\"elementor-container elementor-column-gap-default\">\n\t\t\t\t\t<div class=\"elementor-column elementor-col-100 elementor-inner-column elementor-element elementor-element-4bbff17\" data-id=\"4bbff17\" data-element_type=\"column\" data-e-type=\"column\">\n\t\t\t<div class=\"elementor-widget-wrap elementor-element-populated\">\n\t\t\t\t\t\t<div class=\"elementor-element elementor-element-2e434da elementor-align-center elementor-widget elementor-widget-button\" data-id=\"2e434da\" data-element_type=\"widget\" data-e-type=\"widget\" data-widget_type=\"button.default\">\n\t\t\t\t<div class=\"elementor-widget-container\">\n\t\t\t\t\t\t\t\t\t<div class=\"elementor-button-wrapper\">\n\t\t\t\t\t<a class=\"elementor-button elementor-button-link elementor-size-md\" href=\"https:\/\/cmg.fi\/yhteystiedot\/\">\n\t\t\t\t\t\t<span class=\"elementor-button-content-wrapper\">\n\t\t\t\t\t\t\t\t\t<span class=\"elementor-button-text\">Yhteystiedot<\/span>\n\t\t\t\t\t<\/span>\n\t\t\t\t\t<\/a>\n\t\t\t\t<\/div>\n\t\t\t\t\t\t\t\t<\/div>\n\t\t\t\t<\/div>\n\t\t\t\t\t<\/div>\n\t\t<\/div>\n\t\t\t\t\t<\/div>\n\t\t<\/section>\n\t\t\t\t\t<\/div>\n\t\t<\/div>\n\t\t\t\t\t<\/div>\n\t\t<\/section>\n\t\t\t\t<\/div>\n\t\t","protected":false},"excerpt":{"rendered":"<p>RAKENNUTTAMIS-, VALVONTA-, SUUNNITTELU- JA ASIANTUNTIJAPALVELUT Nordic CMG Oy on t\u00e4ysin suomalainen, p\u00e4\u00e4kaupunkiseudulle keskittyv\u00e4 konsulttiyritys. Meilt\u00e4 l\u00f6ytyv\u00e4t asiantuntijat haastavaankin kohteeseen. Ota yhteytt\u00e4 Toimitusjohtaja Jyrki Jaatinen 045 662 1992 jyrki.jaatinen(at)cmg.fi Palvelut Miksi valita meid\u00e4t? Toimimme aina asiakkaan edun mukaisesti huomioiden energiatehokkuuden ja sis\u00e4ilmaolosuhteet unohtamatta kustannustehokkuutta. Nordic CMG:n visio on olla ty\u00f6ntekij\u00e4lle yksi Suomen parhaista ty\u00f6nantajista ja t\u00e4t\u00e4 [&hellip;]<\/p>\n","protected":false},"author":1,"featured_media":0,"parent":0,"menu_order":0,"comment_status":"closed","ping_status":"closed","template":"elementor_header_footer","meta":{"ocean_post_layout":"","ocean_both_sidebars_style":"","ocean_both_sidebars_content_width":0,"ocean_both_sidebars_sidebars_width":0,"ocean_sidebar":"0","ocean_second_sidebar":"0","ocean_disable_margins":"enable","ocean_add_body_class":"","ocean_shortcode_before_top_bar":"","ocean_shortcode_after_top_bar":"","ocean_shortcode_before_header":"","ocean_shortcode_after_header":"","ocean_has_shortcode":"","ocean_shortcode_after_title":"","ocean_shortcode_before_footer_widgets":"","ocean_shortcode_after_footer_widgets":"","ocean_shortcode_before_footer_bottom":"","ocean_shortcode_after_footer_bottom":"","ocean_display_top_bar":"default","ocean_display_header":"default","ocean_header_style":"","ocean_center_header_left_menu":"0","ocean_custom_header_template":"0","ocean_custom_logo":0,"ocean_custom_retina_logo":0,"ocean_custom_logo_max_width":0,"ocean_custom_logo_tablet_max_width":0,"ocean_custom_logo_mobile_max_width":0,"ocean_custom_logo_max_height":0,"ocean_custom_logo_tablet_max_height":0,"ocean_custom_logo_mobile_max_height":0,"ocean_header_custom_menu":"0","ocean_menu_typo_font_family":"0","ocean_menu_typo_font_subset":"","ocean_menu_typo_font_size":0,"ocean_menu_typo_font_size_tablet":0,"ocean_menu_typo_font_size_mobile":0,"ocean_menu_typo_font_size_unit":"px","ocean_menu_typo_font_weight":"","ocean_menu_typo_font_weight_tablet":"","ocean_menu_typo_font_weight_mobile":"","ocean_menu_typo_transform":"","ocean_menu_typo_transform_tablet":"","ocean_menu_typo_transform_mobile":"","ocean_menu_typo_line_height":0,"ocean_menu_typo_line_height_tablet":0,"ocean_menu_typo_line_height_mobile":0,"ocean_menu_typo_line_height_unit":"","ocean_menu_typo_spacing":0,"ocean_menu_typo_spacing_tablet":0,"ocean_menu_typo_spacing_mobile":0,"ocean_menu_typo_spacing_unit":"","ocean_menu_link_color":"","ocean_menu_link_color_hover":"","ocean_menu_link_color_active":"","ocean_menu_link_background":"","ocean_menu_link_hover_background":"","ocean_menu_link_active_background":"","ocean_menu_social_links_bg":"","ocean_menu_social_hover_links_bg":"","ocean_menu_social_links_color":"","ocean_menu_social_hover_links_color":"","ocean_disable_title":"on","ocean_disable_heading":"default","ocean_post_title":"","ocean_post_subheading":"","ocean_post_title_style":"","ocean_post_title_background_color":"","ocean_post_title_background":0,"ocean_post_title_bg_image_position":"","ocean_post_title_bg_image_attachment":"","ocean_post_title_bg_image_repeat":"","ocean_post_title_bg_image_size":"","ocean_post_title_height":0,"ocean_post_title_bg_overlay":0.5,"ocean_post_title_bg_overlay_color":"","ocean_disable_breadcrumbs":"default","ocean_breadcrumbs_color":"","ocean_breadcrumbs_separator_color":"","ocean_breadcrumbs_links_color":"","ocean_breadcrumbs_links_hover_color":"","ocean_display_footer_widgets":"default","ocean_display_footer_bottom":"default","ocean_custom_footer_template":"0","footnotes":""},"class_list":["post-7","page","type-page","status-publish","hentry","entry"],"yoast_head":"<!-- This site is optimized with the Yoast SEO plugin v27.5 - https:\/\/yoast.com\/product\/yoast-seo-wordpress\/ -->\n<title>Rakennuttamis-, valvonta-, suunnittelu-, ja asiantuntijapalvelut - Nordic CMG Oy<\/title>\n<meta name=\"description\" content=\"Palveluitamme ovat mm. rakennuttaminen, LVIS-suunnittelu ja valvonta, s\u00e4hk\u00f6suunnittelu, sek\u00e4 radonmittaus, radontutkimus ja sis\u00e4ilman haasteet.\" \/>\n<meta name=\"robots\" content=\"index, follow, max-snippet:-1, max-image-preview:large, max-video-preview:-1\" \/>\n<link rel=\"canonical\" href=\"https:\/\/cmg.fi\/\" \/>\n<meta property=\"og:locale\" content=\"fi_FI\" \/>\n<meta property=\"og:type\" content=\"article\" \/>\n<meta property=\"og:title\" content=\"Rakennuttamis-, valvonta-, suunnittelu-, ja asiantuntijapalvelut - Nordic CMG Oy\" \/>\n<meta property=\"og:description\" content=\"Palveluitamme ovat mm. rakennuttaminen, LVIS-suunnittelu ja valvonta, s\u00e4hk\u00f6suunnittelu, sek\u00e4 radonmittaus, radontutkimus ja sis\u00e4ilman haasteet.\" \/>\n<meta property=\"og:url\" content=\"https:\/\/cmg.fi\/\" \/>\n<meta property=\"og:site_name\" content=\"Nordic CMG Oy\" \/>\n<meta property=\"article:modified_time\" content=\"2024-02-28T14:16:15+00:00\" \/>\n<meta name=\"twitter:card\" content=\"summary_large_image\" \/>\n<meta name=\"twitter:label1\" content=\"Arvioitu lukuaika\" \/>\n\t<meta name=\"twitter:data1\" content=\"1 minuutti\" \/>\n<script type=\"application\/ld+json\" class=\"yoast-schema-graph\">{\"@context\":\"https:\\\/\\\/schema.org\",\"@graph\":[{\"@type\":\"WebPage\",\"@id\":\"https:\\\/\\\/cmg.fi\\\/\",\"url\":\"https:\\\/\\\/cmg.fi\\\/\",\"name\":\"Rakennuttamis-, valvonta-, suunnittelu-, ja asiantuntijapalvelut - Nordic CMG Oy\",\"isPartOf\":{\"@id\":\"https:\\\/\\\/cmg.fi\\\/#website\"},\"datePublished\":\"2019-03-25T11:32:36+00:00\",\"dateModified\":\"2024-02-28T14:16:15+00:00\",\"description\":\"Palveluitamme ovat mm. rakennuttaminen, LVIS-suunnittelu ja valvonta, s\u00e4hk\u00f6suunnittelu, sek\u00e4 radonmittaus, radontutkimus ja sis\u00e4ilman haasteet.\",\"breadcrumb\":{\"@id\":\"https:\\\/\\\/cmg.fi\\\/#breadcrumb\"},\"inLanguage\":\"fi\",\"potentialAction\":[{\"@type\":\"ReadAction\",\"target\":[\"https:\\\/\\\/cmg.fi\\\/\"]}]},{\"@type\":\"BreadcrumbList\",\"@id\":\"https:\\\/\\\/cmg.fi\\\/#breadcrumb\",\"itemListElement\":[{\"@type\":\"ListItem\",\"position\":1,\"name\":\"Etusivu\",\"item\":\"https:\\\/\\\/cmg.fi\\\/\"},{\"@type\":\"ListItem\",\"position\":2,\"name\":\"Etusivu\"}]},{\"@type\":\"WebSite\",\"@id\":\"https:\\\/\\\/cmg.fi\\\/#website\",\"url\":\"https:\\\/\\\/cmg.fi\\\/\",\"name\":\"Nordic CMG Oy\",\"description\":\"Rakennusalan konsultointia pk-seudulla\",\"publisher\":{\"@id\":\"https:\\\/\\\/cmg.fi\\\/#organization\"},\"potentialAction\":[{\"@type\":\"SearchAction\",\"target\":{\"@type\":\"EntryPoint\",\"urlTemplate\":\"https:\\\/\\\/cmg.fi\\\/?s={search_term_string}\"},\"query-input\":{\"@type\":\"PropertyValueSpecification\",\"valueRequired\":true,\"valueName\":\"search_term_string\"}}],\"inLanguage\":\"fi\"},{\"@type\":\"Organization\",\"@id\":\"https:\\\/\\\/cmg.fi\\\/#organization\",\"name\":\"Nordic CMG Oy\",\"url\":\"https:\\\/\\\/cmg.fi\\\/\",\"logo\":{\"@type\":\"ImageObject\",\"inLanguage\":\"fi\",\"@id\":\"https:\\\/\\\/cmg.fi\\\/#\\\/schema\\\/logo\\\/image\\\/\",\"url\":\"https:\\\/\\\/cmg.fi\\\/wp-content\\\/uploads\\\/2019\\\/03\\\/CMG-logo.png\",\"contentUrl\":\"https:\\\/\\\/cmg.fi\\\/wp-content\\\/uploads\\\/2019\\\/03\\\/CMG-logo.png\",\"width\":226,\"height\":183,\"caption\":\"Nordic CMG Oy\"},\"image\":{\"@id\":\"https:\\\/\\\/cmg.fi\\\/#\\\/schema\\\/logo\\\/image\\\/\"}}]}<\/script>\n<!-- \/ Yoast SEO plugin. -->","yoast_head_json":{"title":"Rakennuttamis-, valvonta-, suunnittelu-, ja asiantuntijapalvelut - Nordic CMG Oy","description":"Palveluitamme ovat mm. rakennuttaminen, LVIS-suunnittelu ja valvonta, s\u00e4hk\u00f6suunnittelu, sek\u00e4 radonmittaus, radontutkimus ja sis\u00e4ilman haasteet.","robots":{"index":"index","follow":"follow","max-snippet":"max-snippet:-1","max-image-preview":"max-image-preview:large","max-video-preview":"max-video-preview:-1"},"canonical":"https:\/\/cmg.fi\/","og_locale":"fi_FI","og_type":"article","og_title":"Rakennuttamis-, valvonta-, suunnittelu-, ja asiantuntijapalvelut - Nordic CMG Oy","og_description":"Palveluitamme ovat mm. rakennuttaminen, LVIS-suunnittelu ja valvonta, s\u00e4hk\u00f6suunnittelu, sek\u00e4 radonmittaus, radontutkimus ja sis\u00e4ilman haasteet.","og_url":"https:\/\/cmg.fi\/","og_site_name":"Nordic CMG Oy","article_modified_time":"2024-02-28T14:16:15+00:00","twitter_card":"summary_large_image","twitter_misc":{"Arvioitu lukuaika":"1 minuutti"},"schema":{"@context":"https:\/\/schema.org","@graph":[{"@type":"WebPage","@id":"https:\/\/cmg.fi\/","url":"https:\/\/cmg.fi\/","name":"Rakennuttamis-, valvonta-, suunnittelu-, ja asiantuntijapalvelut - Nordic CMG Oy","isPartOf":{"@id":"https:\/\/cmg.fi\/#website"},"datePublished":"2019-03-25T11:32:36+00:00","dateModified":"2024-02-28T14:16:15+00:00","description":"Palveluitamme ovat mm. rakennuttaminen, LVIS-suunnittelu ja valvonta, s\u00e4hk\u00f6suunnittelu, sek\u00e4 radonmittaus, radontutkimus ja sis\u00e4ilman haasteet.","breadcrumb":{"@id":"https:\/\/cmg.fi\/#breadcrumb"},"inLanguage":"fi","potentialAction":[{"@type":"ReadAction","target":["https:\/\/cmg.fi\/"]}]},{"@type":"BreadcrumbList","@id":"https:\/\/cmg.fi\/#breadcrumb","itemListElement":[{"@type":"ListItem","position":1,"name":"Etusivu","item":"https:\/\/cmg.fi\/"},{"@type":"ListItem","position":2,"name":"Etusivu"}]},{"@type":"WebSite","@id":"https:\/\/cmg.fi\/#website","url":"https:\/\/cmg.fi\/","name":"Nordic CMG Oy","description":"Rakennusalan konsultointia pk-seudulla","publisher":{"@id":"https:\/\/cmg.fi\/#organization"},"potentialAction":[{"@type":"SearchAction","target":{"@type":"EntryPoint","urlTemplate":"https:\/\/cmg.fi\/?s={search_term_string}"},"query-input":{"@type":"PropertyValueSpecification","valueRequired":true,"valueName":"search_term_string"}}],"inLanguage":"fi"},{"@type":"Organization","@id":"https:\/\/cmg.fi\/#organization","name":"Nordic CMG Oy","url":"https:\/\/cmg.fi\/","logo":{"@type":"ImageObject","inLanguage":"fi","@id":"https:\/\/cmg.fi\/#\/schema\/logo\/image\/","url":"https:\/\/cmg.fi\/wp-content\/uploads\/2019\/03\/CMG-logo.png","contentUrl":"https:\/\/cmg.fi\/wp-content\/uploads\/2019\/03\/CMG-logo.png","width":226,"height":183,"caption":"Nordic CMG Oy"},"image":{"@id":"https:\/\/cmg.fi\/#\/schema\/logo\/image\/"}}]}},"_links":{"self":[{"href":"https:\/\/cmg.fi\/index.php?rest_route=\/wp\/v2\/pages\/7","targetHints":{"allow":["GET"]}}],"collection":[{"href":"https:\/\/cmg.fi\/index.php?rest_route=\/wp\/v2\/pages"}],"about":[{"href":"https:\/\/cmg.fi\/index.php?rest_route=\/wp\/v2\/types\/page"}],"author":[{"embeddable":true,"href":"https:\/\/cmg.fi\/index.php?rest_route=\/wp\/v2\/users\/1"}],"replies":[{"embeddable":true,"href":"https:\/\/cmg.fi\/index.php?rest_route=%2Fwp%2Fv2%2Fcomments&post=7"}],"version-history":[{"count":53,"href":"https:\/\/cmg.fi\/index.php?rest_route=\/wp\/v2\/pages\/7\/revisions"}],"predecessor-version":[{"id":366,"href":"https:\/\/cmg.fi\/index.php?rest_route=\/wp\/v2\/pages\/7\/revisions\/366"}],"wp:attachment":[{"href":"https:\/\/cmg.fi\/index.php?rest_route=%2Fwp%2Fv2%2Fmedia&parent=7"}],"curies":[{"name":"wp","href":"https:\/\/api.w.org\/{rel}","templated":true}]}}