{"id":13,"date":"2019-03-25T11:34:00","date_gmt":"2019-03-25T09:34:00","guid":{"rendered":"https:\/\/cmg.fi\/?page_id=13"},"modified":"2021-09-29T12:22:06","modified_gmt":"2021-09-29T09:22:06","slug":"palvelumme","status":"publish","type":"page","link":"https:\/\/cmg.fi\/?page_id=13","title":{"rendered":"Palvelumme"},"content":{"rendered":"\t\t<div data-elementor-type=\"wp-post\" data-elementor-id=\"13\" class=\"elementor elementor-13\" data-elementor-post-type=\"page\">\n\t\t\t\t\t\t<section class=\"elementor-section elementor-top-section elementor-element elementor-element-15cbdcd4 elementor-section-height-min-height elementor-section-boxed elementor-section-height-default elementor-section-items-middle\" data-id=\"15cbdcd4\" data-element_type=\"section\" data-e-type=\"section\" data-settings=\"{&quot;background_background&quot;:&quot;classic&quot;}\">\n\t\t\t\t\t\t\t<div class=\"elementor-background-overlay\"><\/div>\n\t\t\t\t\t\t\t<div class=\"elementor-container elementor-column-gap-default\">\n\t\t\t\t\t<div class=\"elementor-column elementor-col-50 elementor-top-column elementor-element elementor-element-39338779\" data-id=\"39338779\" data-element_type=\"column\" data-e-type=\"column\">\n\t\t\t<div class=\"elementor-widget-wrap elementor-element-populated\">\n\t\t\t\t\t\t<div class=\"elementor-element elementor-element-1ffc04e7 elementor-widget elementor-widget-heading\" data-id=\"1ffc04e7\" data-element_type=\"widget\" data-e-type=\"widget\" data-widget_type=\"heading.default\">\n\t\t\t\t<div class=\"elementor-widget-container\">\n\t\t\t\t\t<h1 class=\"elementor-heading-title elementor-size-default\">Palvelumme<\/h1>\t\t\t\t<\/div>\n\t\t\t\t<\/div>\n\t\t\t\t\t<\/div>\n\t\t<\/div>\n\t\t\t\t<div class=\"elementor-column elementor-col-50 elementor-top-column elementor-element elementor-element-40b8b60a\" data-id=\"40b8b60a\" data-element_type=\"column\" data-e-type=\"column\">\n\t\t\t<div class=\"elementor-widget-wrap\">\n\t\t\t\t\t\t\t<\/div>\n\t\t<\/div>\n\t\t\t\t\t<\/div>\n\t\t<\/section>\n\t\t\t\t<section class=\"elementor-section elementor-top-section elementor-element elementor-element-151317f3 elementor-section-boxed elementor-section-height-default elementor-section-height-default\" data-id=\"151317f3\" data-element_type=\"section\" data-e-type=\"section\">\n\t\t\t\t\t\t<div class=\"elementor-container elementor-column-gap-default\">\n\t\t\t\t\t<div class=\"elementor-column elementor-col-100 elementor-top-column elementor-element elementor-element-5f991f74\" data-id=\"5f991f74\" data-element_type=\"column\" data-e-type=\"column\">\n\t\t\t<div class=\"elementor-widget-wrap elementor-element-populated\">\n\t\t\t\t\t\t<div class=\"elementor-element elementor-element-7d3b8458 elementor-widget elementor-widget-heading\" data-id=\"7d3b8458\" data-element_type=\"widget\" data-e-type=\"widget\" data-widget_type=\"heading.default\">\n\t\t\t\t<div class=\"elementor-widget-container\">\n\t\t\t\t\t<h2 class=\"elementor-heading-title elementor-size-default\">Rakennuttaminen<\/h2>\t\t\t\t<\/div>\n\t\t\t\t<\/div>\n\t\t\t\t<div class=\"elementor-element elementor-element-1059cadd elementor-widget elementor-widget-text-editor\" data-id=\"1059cadd\" data-element_type=\"widget\" data-e-type=\"widget\" data-widget_type=\"text-editor.default\">\n\t\t\t\t<div class=\"elementor-widget-container\">\n\t\t\t\t\t\t\t\t\t<p>Rakennus- ja LVIS-teknisten hankkeiden rakennuttamisen tarveselvityksest\u00e4 takuuajan seurantaan.<\/p>\t\t\t\t\t\t\t\t<\/div>\n\t\t\t\t<\/div>\n\t\t\t\t<div class=\"elementor-element elementor-element-494d58ad elementor-widget elementor-widget-heading\" data-id=\"494d58ad\" data-element_type=\"widget\" data-e-type=\"widget\" data-widget_type=\"heading.default\">\n\t\t\t\t<div class=\"elementor-widget-container\">\n\t\t\t\t\t<h2 class=\"elementor-heading-title elementor-size-default\">Rakennus- ja talotekniikkavalvonta\u200b<\/h2>\t\t\t\t<\/div>\n\t\t\t\t<\/div>\n\t\t\t\t<div class=\"elementor-element elementor-element-7de48be2 elementor-widget elementor-widget-text-editor\" data-id=\"7de48be2\" data-element_type=\"widget\" data-e-type=\"widget\" data-widget_type=\"text-editor.default\">\n\t\t\t\t<div class=\"elementor-widget-container\">\n\t\t\t\t\t\t\t\t\t<p>Rakennus- ja LVIS-teknisten hankkeiden valvontapalvelut.<\/p>\t\t\t\t\t\t\t\t<\/div>\n\t\t\t\t<\/div>\n\t\t\t\t<div class=\"elementor-element elementor-element-353387c3 elementor-widget elementor-widget-heading\" data-id=\"353387c3\" data-element_type=\"widget\" data-e-type=\"widget\" data-widget_type=\"heading.default\">\n\t\t\t\t<div class=\"elementor-widget-container\">\n\t\t\t\t\t<h2 class=\"elementor-heading-title elementor-size-default\">Suunnittelu<\/h2>\t\t\t\t<\/div>\n\t\t\t\t<\/div>\n\t\t\t\t<div class=\"elementor-element elementor-element-1583f6af elementor-widget elementor-widget-text-editor\" data-id=\"1583f6af\" data-element_type=\"widget\" data-e-type=\"widget\" data-widget_type=\"text-editor.default\">\n\t\t\t\t<div class=\"elementor-widget-container\">\n\t\t\t\t\t\t\t\t\t<p>Rakennus- ja LVIS-teknisten hankkeiden suunnittelupalvelut.<\/p>\t\t\t\t\t\t\t\t<\/div>\n\t\t\t\t<\/div>\n\t\t\t\t<div class=\"elementor-element elementor-element-493d3620 elementor-widget elementor-widget-heading\" data-id=\"493d3620\" data-element_type=\"widget\" data-e-type=\"widget\" data-widget_type=\"heading.default\">\n\t\t\t\t<div class=\"elementor-widget-container\">\n\t\t\t\t\t<h2 class=\"elementor-heading-title elementor-size-default\">Asiantuntijapalvelut\u200b<\/h2>\t\t\t\t<\/div>\n\t\t\t\t<\/div>\n\t\t\t\t<div class=\"elementor-element elementor-element-337c67e3 elementor-widget elementor-widget-text-editor\" data-id=\"337c67e3\" data-element_type=\"widget\" data-e-type=\"widget\" data-widget_type=\"text-editor.default\">\n\t\t\t\t<div class=\"elementor-widget-container\">\n\t\t\t\t\t\t\t\t\t<p>Talotekniset asiantuntijapalvelut kuten mm:<\/p><ul><li><a href=\"https:\/\/cmg.fi\/palvelumme\/radon\/\">radonmittaukset<\/a><\/li><li>asiantuntijalausunnot<\/li><li>kustannusseuranta<\/li><li>raportointi<\/li><li>puitesopimukset<\/li><\/ul>\t\t\t\t\t\t\t\t<\/div>\n\t\t\t\t<\/div>\n\t\t\t\t<div class=\"elementor-element elementor-element-37fd5022 elementor-widget elementor-widget-text-editor\" data-id=\"37fd5022\" data-element_type=\"widget\" data-e-type=\"widget\" data-widget_type=\"text-editor.default\">\n\t\t\t\t<div class=\"elementor-widget-container\">\n\t\t\t\t\t\t\t\t\t<div class=\"hakusana\">Rakennuttaminen<\/div> <div class=\"hakusana\">Valvonta<\/div> <div class=\"hakusana\">PTS<\/div> <div class=\"hakusana\">Kustannusarvio<\/div> <div class=\"hakusana\">Raportointi<\/div> <div class=\"hakusana\">Energiatehokkuus<\/div> <div class=\"hakusana\">Takaisinmaksuaika<\/div> <div class=\"hakusana\">Investoinitilaskelmat<\/div> <div class=\"hakusana\">Kustannusseuranta<\/div> <div class=\"hakusana\">S\u00e4hk\u00f6suunnittelu<\/div> <div class=\"hakusana\">LVI-Suunnittelu<\/div> <div class=\"hakusana\">Rakennesuunnittelu<\/div> <div class=\"hakusana\">Korjauskustannusten hallinta<\/div> <div class=\"hakusana\">Hankinnat<\/div> <div class=\"hakusana\">Kilpailuttaminen<\/div> <div class=\"hakusana\">Sopimukset<\/div> <div class=\"hakusana\">Kuntoarvio<\/div> <div class=\"hakusana\">Due Diligence<\/div>\t\t\t\t\t\t\t\t<\/div>\n\t\t\t\t<\/div>\n\t\t\t\t<div class=\"elementor-element elementor-element-4af5e57 elementor-align-center elementor-widget elementor-widget-button\" data-id=\"4af5e57\" data-element_type=\"widget\" data-e-type=\"widget\" data-widget_type=\"button.default\">\n\t\t\t\t<div class=\"elementor-widget-container\">\n\t\t\t\t\t\t\t\t\t<div class=\"elementor-button-wrapper\">\n\t\t\t\t\t<a class=\"elementor-button elementor-button-link elementor-size-md\" href=\"https:\/\/cmg.fi\/yhteystiedot\/\">\n\t\t\t\t\t\t<span class=\"elementor-button-content-wrapper\">\n\t\t\t\t\t\t\t\t\t<span class=\"elementor-button-text\">Ota yhteytt\u00e4<\/span>\n\t\t\t\t\t<\/span>\n\t\t\t\t\t<\/a>\n\t\t\t\t<\/div>\n\t\t\t\t\t\t\t\t<\/div>\n\t\t\t\t<\/div>\n\t\t\t\t\t<\/div>\n\t\t<\/div>\n\t\t\t\t\t<\/div>\n\t\t<\/section>\n\t\t\t\t<\/div>\n\t\t","protected":false},"excerpt":{"rendered":"<p>Palvelumme Rakennuttaminen Rakennus- ja LVIS-teknisten hankkeiden rakennuttamisen tarveselvityksest\u00e4 takuuajan seurantaan. Rakennus- ja talotekniikkavalvonta\u200b Rakennus- ja LVIS-teknisten hankkeiden valvontapalvelut. Suunnittelu Rakennus- ja LVIS-teknisten hankkeiden suunnittelupalvelut. Asiantuntijapalvelut\u200b Talotekniset asiantuntijapalvelut kuten mm: radonmittaukset asiantuntijalausunnot kustannusseuranta raportointi puitesopimukset Rakennuttaminen Valvonta PTS Kustannusarvio Raportointi Energiatehokkuus Takaisinmaksuaika Investoinitilaskelmat Kustannusseuranta S\u00e4hk\u00f6suunnittelu LVI-Suunnittelu Rakennesuunnittelu Korjauskustannusten hallinta Hankinnat Kilpailuttaminen Sopimukset Kuntoarvio Due Diligence Ota [&hellip;]<\/p>\n","protected":false},"author":1,"featured_media":0,"parent":0,"menu_order":0,"comment_status":"closed","ping_status":"closed","template":"elementor_header_footer","meta":{"ocean_post_layout":"","ocean_both_sidebars_style":"","ocean_both_sidebars_content_width":0,"ocean_both_sidebars_sidebars_width":0,"ocean_sidebar":"0","ocean_second_sidebar":"0","ocean_disable_margins":"enable","ocean_add_body_class":"","ocean_shortcode_before_top_bar":"","ocean_shortcode_after_top_bar":"","ocean_shortcode_before_header":"","ocean_shortcode_after_header":"","ocean_has_shortcode":"","ocean_shortcode_after_title":"","ocean_shortcode_before_footer_widgets":"","ocean_shortcode_after_footer_widgets":"","ocean_shortcode_before_footer_bottom":"","ocean_shortcode_after_footer_bottom":"","ocean_display_top_bar":"default","ocean_display_header":"default","ocean_header_style":"","ocean_center_header_left_menu":"0","ocean_custom_header_template":"0","ocean_custom_logo":0,"ocean_custom_retina_logo":0,"ocean_custom_logo_max_width":0,"ocean_custom_logo_tablet_max_width":0,"ocean_custom_logo_mobile_max_width":0,"ocean_custom_logo_max_height":0,"ocean_custom_logo_tablet_max_height":0,"ocean_custom_logo_mobile_max_height":0,"ocean_header_custom_menu":"0","ocean_menu_typo_font_family":"0","ocean_menu_typo_font_subset":"","ocean_menu_typo_font_size":0,"ocean_menu_typo_font_size_tablet":0,"ocean_menu_typo_font_size_mobile":0,"ocean_menu_typo_font_size_unit":"px","ocean_menu_typo_font_weight":"","ocean_menu_typo_font_weight_tablet":"","ocean_menu_typo_font_weight_mobile":"","ocean_menu_typo_transform":"","ocean_menu_typo_transform_tablet":"","ocean_menu_typo_transform_mobile":"","ocean_menu_typo_line_height":0,"ocean_menu_typo_line_height_tablet":0,"ocean_menu_typo_line_height_mobile":0,"ocean_menu_typo_line_height_unit":"","ocean_menu_typo_spacing":0,"ocean_menu_typo_spacing_tablet":0,"ocean_menu_typo_spacing_mobile":0,"ocean_menu_typo_spacing_unit":"","ocean_menu_link_color":"","ocean_menu_link_color_hover":"","ocean_menu_link_color_active":"","ocean_menu_link_background":"","ocean_menu_link_hover_background":"","ocean_menu_link_active_background":"","ocean_menu_social_links_bg":"","ocean_menu_social_hover_links_bg":"","ocean_menu_social_links_color":"","ocean_menu_social_hover_links_color":"","ocean_disable_title":"on","ocean_disable_heading":"default","ocean_post_title":"","ocean_post_subheading":"","ocean_post_title_style":"","ocean_post_title_background_color":"","ocean_post_title_background":0,"ocean_post_title_bg_image_position":"","ocean_post_title_bg_image_attachment":"","ocean_post_title_bg_image_repeat":"","ocean_post_title_bg_image_size":"","ocean_post_title_height":0,"ocean_post_title_bg_overlay":0.5,"ocean_post_title_bg_overlay_color":"","ocean_disable_breadcrumbs":"default","ocean_breadcrumbs_color":"","ocean_breadcrumbs_separator_color":"","ocean_breadcrumbs_links_color":"","ocean_breadcrumbs_links_hover_color":"","ocean_display_footer_widgets":"default","ocean_display_footer_bottom":"default","ocean_custom_footer_template":"0","footnotes":""},"class_list":["post-13","page","type-page","status-publish","hentry","entry"],"yoast_head":"<!-- This site is optimized with the Yoast SEO plugin v27.5 - https:\/\/yoast.com\/product\/yoast-seo-wordpress\/ -->\n<title>Palvelumme - Nordic CMG Oy<\/title>\n<meta name=\"description\" content=\"Palveluitamme on mm. rakennuttaminen, LVIS-suunnittelu ja valvonta, s\u00e4hk\u00f6suunnittelu, sek\u00e4 radonmittaus, radontutkimus ja sis\u00e4ilmaan liittyv\u00e4t ongelmat\" \/>\n<meta name=\"robots\" content=\"index, follow, max-snippet:-1, max-image-preview:large, max-video-preview:-1\" \/>\n<link rel=\"canonical\" href=\"https:\/\/cmg.fi\/?page_id=13\" \/>\n<meta property=\"og:locale\" content=\"fi_FI\" \/>\n<meta property=\"og:type\" content=\"article\" \/>\n<meta property=\"og:title\" content=\"Palvelumme - Nordic CMG Oy\" \/>\n<meta property=\"og:description\" content=\"Palveluitamme on mm. rakennuttaminen, LVIS-suunnittelu ja valvonta, s\u00e4hk\u00f6suunnittelu, sek\u00e4 radonmittaus, radontutkimus ja sis\u00e4ilmaan liittyv\u00e4t ongelmat\" \/>\n<meta property=\"og:url\" content=\"https:\/\/cmg.fi\/?page_id=13\" \/>\n<meta property=\"og:site_name\" content=\"Nordic CMG Oy\" \/>\n<meta property=\"article:modified_time\" content=\"2021-09-29T09:22:06+00:00\" \/>\n<meta name=\"twitter:card\" content=\"summary_large_image\" \/>\n<meta name=\"twitter:label1\" content=\"Arvioitu lukuaika\" \/>\n\t<meta name=\"twitter:data1\" content=\"1 minuutti\" \/>\n<script type=\"application\/ld+json\" class=\"yoast-schema-graph\">{\"@context\":\"https:\\\/\\\/schema.org\",\"@graph\":[{\"@type\":\"WebPage\",\"@id\":\"https:\\\/\\\/cmg.fi\\\/?page_id=13\",\"url\":\"https:\\\/\\\/cmg.fi\\\/?page_id=13\",\"name\":\"Palvelumme - Nordic CMG Oy\",\"isPartOf\":{\"@id\":\"https:\\\/\\\/cmg.fi\\\/#website\"},\"datePublished\":\"2019-03-25T09:34:00+00:00\",\"dateModified\":\"2021-09-29T09:22:06+00:00\",\"description\":\"Palveluitamme on mm. rakennuttaminen, LVIS-suunnittelu ja valvonta, s\u00e4hk\u00f6suunnittelu, sek\u00e4 radonmittaus, radontutkimus ja sis\u00e4ilmaan liittyv\u00e4t ongelmat\",\"breadcrumb\":{\"@id\":\"https:\\\/\\\/cmg.fi\\\/?page_id=13#breadcrumb\"},\"inLanguage\":\"fi\",\"potentialAction\":[{\"@type\":\"ReadAction\",\"target\":[\"https:\\\/\\\/cmg.fi\\\/?page_id=13\"]}]},{\"@type\":\"BreadcrumbList\",\"@id\":\"https:\\\/\\\/cmg.fi\\\/?page_id=13#breadcrumb\",\"itemListElement\":[{\"@type\":\"ListItem\",\"position\":1,\"name\":\"Etusivu\",\"item\":\"https:\\\/\\\/cmg.fi\\\/\"},{\"@type\":\"ListItem\",\"position\":2,\"name\":\"Palvelumme\"}]},{\"@type\":\"WebSite\",\"@id\":\"https:\\\/\\\/cmg.fi\\\/#website\",\"url\":\"https:\\\/\\\/cmg.fi\\\/\",\"name\":\"Nordic CMG Oy\",\"description\":\"Rakennusalan konsultointia pk-seudulla\",\"publisher\":{\"@id\":\"https:\\\/\\\/cmg.fi\\\/#organization\"},\"potentialAction\":[{\"@type\":\"SearchAction\",\"target\":{\"@type\":\"EntryPoint\",\"urlTemplate\":\"https:\\\/\\\/cmg.fi\\\/?s={search_term_string}\"},\"query-input\":{\"@type\":\"PropertyValueSpecification\",\"valueRequired\":true,\"valueName\":\"search_term_string\"}}],\"inLanguage\":\"fi\"},{\"@type\":\"Organization\",\"@id\":\"https:\\\/\\\/cmg.fi\\\/#organization\",\"name\":\"Nordic CMG Oy\",\"url\":\"https:\\\/\\\/cmg.fi\\\/\",\"logo\":{\"@type\":\"ImageObject\",\"inLanguage\":\"fi\",\"@id\":\"https:\\\/\\\/cmg.fi\\\/#\\\/schema\\\/logo\\\/image\\\/\",\"url\":\"https:\\\/\\\/cmg.fi\\\/wp-content\\\/uploads\\\/2019\\\/03\\\/CMG-logo.png\",\"contentUrl\":\"https:\\\/\\\/cmg.fi\\\/wp-content\\\/uploads\\\/2019\\\/03\\\/CMG-logo.png\",\"width\":226,\"height\":183,\"caption\":\"Nordic CMG Oy\"},\"image\":{\"@id\":\"https:\\\/\\\/cmg.fi\\\/#\\\/schema\\\/logo\\\/image\\\/\"}}]}<\/script>\n<!-- \/ Yoast SEO plugin. -->","yoast_head_json":{"title":"Palvelumme - Nordic CMG Oy","description":"Palveluitamme on mm. rakennuttaminen, LVIS-suunnittelu ja valvonta, s\u00e4hk\u00f6suunnittelu, sek\u00e4 radonmittaus, radontutkimus ja sis\u00e4ilmaan liittyv\u00e4t ongelmat","robots":{"index":"index","follow":"follow","max-snippet":"max-snippet:-1","max-image-preview":"max-image-preview:large","max-video-preview":"max-video-preview:-1"},"canonical":"https:\/\/cmg.fi\/?page_id=13","og_locale":"fi_FI","og_type":"article","og_title":"Palvelumme - Nordic CMG Oy","og_description":"Palveluitamme on mm. rakennuttaminen, LVIS-suunnittelu ja valvonta, s\u00e4hk\u00f6suunnittelu, sek\u00e4 radonmittaus, radontutkimus ja sis\u00e4ilmaan liittyv\u00e4t ongelmat","og_url":"https:\/\/cmg.fi\/?page_id=13","og_site_name":"Nordic CMG Oy","article_modified_time":"2021-09-29T09:22:06+00:00","twitter_card":"summary_large_image","twitter_misc":{"Arvioitu lukuaika":"1 minuutti"},"schema":{"@context":"https:\/\/schema.org","@graph":[{"@type":"WebPage","@id":"https:\/\/cmg.fi\/?page_id=13","url":"https:\/\/cmg.fi\/?page_id=13","name":"Palvelumme - Nordic CMG Oy","isPartOf":{"@id":"https:\/\/cmg.fi\/#website"},"datePublished":"2019-03-25T09:34:00+00:00","dateModified":"2021-09-29T09:22:06+00:00","description":"Palveluitamme on mm. rakennuttaminen, LVIS-suunnittelu ja valvonta, s\u00e4hk\u00f6suunnittelu, sek\u00e4 radonmittaus, radontutkimus ja sis\u00e4ilmaan liittyv\u00e4t ongelmat","breadcrumb":{"@id":"https:\/\/cmg.fi\/?page_id=13#breadcrumb"},"inLanguage":"fi","potentialAction":[{"@type":"ReadAction","target":["https:\/\/cmg.fi\/?page_id=13"]}]},{"@type":"BreadcrumbList","@id":"https:\/\/cmg.fi\/?page_id=13#breadcrumb","itemListElement":[{"@type":"ListItem","position":1,"name":"Etusivu","item":"https:\/\/cmg.fi\/"},{"@type":"ListItem","position":2,"name":"Palvelumme"}]},{"@type":"WebSite","@id":"https:\/\/cmg.fi\/#website","url":"https:\/\/cmg.fi\/","name":"Nordic CMG Oy","description":"Rakennusalan konsultointia pk-seudulla","publisher":{"@id":"https:\/\/cmg.fi\/#organization"},"potentialAction":[{"@type":"SearchAction","target":{"@type":"EntryPoint","urlTemplate":"https:\/\/cmg.fi\/?s={search_term_string}"},"query-input":{"@type":"PropertyValueSpecification","valueRequired":true,"valueName":"search_term_string"}}],"inLanguage":"fi"},{"@type":"Organization","@id":"https:\/\/cmg.fi\/#organization","name":"Nordic CMG Oy","url":"https:\/\/cmg.fi\/","logo":{"@type":"ImageObject","inLanguage":"fi","@id":"https:\/\/cmg.fi\/#\/schema\/logo\/image\/","url":"https:\/\/cmg.fi\/wp-content\/uploads\/2019\/03\/CMG-logo.png","contentUrl":"https:\/\/cmg.fi\/wp-content\/uploads\/2019\/03\/CMG-logo.png","width":226,"height":183,"caption":"Nordic CMG Oy"},"image":{"@id":"https:\/\/cmg.fi\/#\/schema\/logo\/image\/"}}]}},"_links":{"self":[{"href":"https:\/\/cmg.fi\/index.php?rest_route=\/wp\/v2\/pages\/13","targetHints":{"allow":["GET"]}}],"collection":[{"href":"https:\/\/cmg.fi\/index.php?rest_route=\/wp\/v2\/pages"}],"about":[{"href":"https:\/\/cmg.fi\/index.php?rest_route=\/wp\/v2\/types\/page"}],"author":[{"embeddable":true,"href":"https:\/\/cmg.fi\/index.php?rest_route=\/wp\/v2\/users\/1"}],"replies":[{"embeddable":true,"href":"https:\/\/cmg.fi\/index.php?rest_route=%2Fwp%2Fv2%2Fcomments&post=13"}],"version-history":[{"count":38,"href":"https:\/\/cmg.fi\/index.php?rest_route=\/wp\/v2\/pages\/13\/revisions"}],"predecessor-version":[{"id":349,"href":"https:\/\/cmg.fi\/index.php?rest_route=\/wp\/v2\/pages\/13\/revisions\/349"}],"wp:attachment":[{"href":"https:\/\/cmg.fi\/index.php?rest_route=%2Fwp%2Fv2%2Fmedia&parent=13"}],"curies":[{"name":"wp","href":"https:\/\/api.w.org\/{rel}","templated":true}]}}